{"id":4678,"date":"2023-03-28T17:44:58","date_gmt":"2023-03-28T15:44:58","guid":{"rendered":"https:\/\/www.eurotech-sg.de\/allgemeine-einkaufsbedingungen\/"},"modified":"2023-04-26T13:32:56","modified_gmt":"2023-04-26T11:32:56","slug":"general-terms-and-conditions-of-purchase","status":"publish","type":"page","link":"https:\/\/www.eurotech-sg.de\/en\/general-terms-and-conditions-of-purchase\/","title":{"rendered":"General terms and conditions of purchase"},"content":{"rendered":"\t\t<div data-elementor-type=\"wp-page\" data-elementor-id=\"4678\" class=\"elementor elementor-4678 elementor-3599\" data-elementor-post-type=\"page\">\n\t\t\t\t<div class=\"elementor-element elementor-element-2ce47a2 e-flex e-con-boxed e-con e-parent\" data-id=\"2ce47a2\" data-element_type=\"container\" data-e-type=\"container\">\n\t\t\t\t\t<div class=\"e-con-inner\">\n\t\t\t\t<div class=\"elementor-element elementor-element-e62c00c elementor-widget elementor-widget-heading\" data-id=\"e62c00c\" data-element_type=\"widget\" data-e-type=\"widget\" data-widget_type=\"heading.default\">\n\t\t\t\t<div class=\"elementor-widget-container\">\n\t\t\t\t\t<h2 class=\"elementor-heading-title elementor-size-default\">General Terms and Conditions of Purchase\nfor Eurotech Schw\u00e4bisch Gm\u00fcnd GmbH<\/h2>\t\t\t\t<\/div>\n\t\t\t\t<\/div>\n\t\t\t\t<div class=\"elementor-element elementor-element-b3b9850 elementor-align-left elementor-widget elementor-widget-button\" data-id=\"b3b9850\" data-element_type=\"widget\" data-e-type=\"widget\" data-widget_type=\"button.default\">\n\t\t\t\t<div class=\"elementor-widget-container\">\n\t\t\t\t\t\t\t\t\t<div class=\"elementor-button-wrapper\">\n\t\t\t\t\t<a class=\"elementor-button elementor-button-link elementor-size-md\" href=\"https:\/\/www.eurotech-sg.de\/wp-content\/uploads\/2023\/03\/Einkaufsbedingungen-EurotechSG_01-2015.pdf\" target=\"_blank\">\n\t\t\t\t\t\t<span class=\"elementor-button-content-wrapper\">\n\t\t\t\t\t\t<span class=\"elementor-button-icon\">\n\t\t\t\t<svg xmlns=\"http:\/\/www.w3.org\/2000\/svg\" width=\"89.13\" height=\"37.246\" viewBox=\"0 0 89.13 37.246\"><g id=\"Gruppe_380\" data-name=\"Gruppe 380\" transform=\"translate(-141.872 -553.754)\"><g id=\"Differenzmenge_1\" data-name=\"Differenzmenge 1\" transform=\"translate(209.396 553.754)\" fill=\"none\"><path d=\"M2.983,37.246h0L-1.5,32.764,12.642,18.623-1.5,4.482,2.983,0,21.605,18.623,2.983,37.245Z\" stroke=\"none\"><\/path><path d=\"M 2.982626914978027 37.24559020996094 L 2.981912612915039 37.24491119384766 L -1.498944520950317 32.76405334472656 L 12.64230537414551 18.622802734375 L -1.498944520950317 4.481552600860596 L 2.982626914978027 1.70200892171124e-05 L 21.60541343688965 18.622802734375 L 2.982626914978027 37.24559020996094 Z\" stroke=\"none\" fill=\"#000\"><\/path><\/g><g id=\"Pfad_6\" data-name=\"Pfad 6\" transform=\"translate(142.872 570.413)\"><path d=\"M 84.19775390625 5.21093225479126 L 83.69775390625 5.21093225479126 L 6.471761025750311e-06 5.21093225479126 L -0.4999935328960419 5.21093225479126 L -0.4999935328960419 4.71093225479126 L -0.4999935328960419 -1.254526750926743e-06 L -0.4999935328960419 -0.5000012516975403 L 6.471761025750311e-06 -0.5000012516975403 L 83.69775390625 -0.5000012516975403 L 84.19775390625 -0.5000012516975403 L 84.19775390625 -1.254526750926743e-06 L 84.19775390625 4.71093225479126 L 84.19775390625 5.21093225479126 Z\" stroke=\"none\"><\/path><path d=\"M -7.62939453125e-06 -1.430511474609375e-06 L -7.62939453125e-06 4.71093225479126 L 83.69773864746094 4.71093225479126 L 83.69773864746094 -1.430511474609375e-06 L -7.62939453125e-06 -1.430511474609375e-06 M -1.000007629394531 -1.000001430511475 L 84.69773864746094 -1.000001430511475 L 84.69773864746094 5.71093225479126 L -1.000007629394531 5.71093225479126 L -1.000007629394531 -1.000001430511475 Z\" stroke=\"none\" fill=\"#000\"><\/path><\/g><\/g><\/svg>\t\t\t<\/span>\n\t\t\t\t\t\t\t\t\t<span class=\"elementor-button-text\">Download PDF<\/span>\n\t\t\t\t\t<\/span>\n\t\t\t\t\t<\/a>\n\t\t\t\t<\/div>\n\t\t\t\t\t\t\t\t<\/div>\n\t\t\t\t<\/div>\n\t\t\t\t<div class=\"elementor-element elementor-element-69090c7 elementor-widget elementor-widget-text-editor\" data-id=\"69090c7\" data-element_type=\"widget\" data-e-type=\"widget\" data-widget_type=\"text-editor.default\">\n\t\t\t\t<div class=\"elementor-widget-container\">\n\t\t\t\t\t\t\t\t\t<h4><strong>1) \u00a0Anwendungsbereich<\/strong><\/h4>\n<ol type=\"a\">\n \t<li>Diese Einkaufsbedingungen (nachfolgend die \u201eBedingungen\u201c) gelten ausschlie\u00dflich f\u00fcr unsere Bestellungen bei allen Lieferanten. Entgegenstehende und\/oder erg\u00e4nzende Allgemeine Gesch\u00e4ftsbedingungen des Lieferanten finden uns gegen\u00fcber keine Anwendung. Dies gilt auch dann, wenn wir jenen Bedingungen nicht ausdr\u00fccklich widersprechen oder unseren vertraglichen Verpflichtungen vorbehaltlos nachkommen.<\/li><li>In dem Schriftst\u00fcck, dessen Bestandteil diese Bedingungen bilden, sind alle Vertragsbestimmungen enthalten. Es bestehen keine Nebenabreden. \u2028<\/li>\n<\/ol>\t\t\t\t\t\t\t\t<\/div>\n\t\t\t\t<\/div>\n\t\t\t\t<div class=\"elementor-element elementor-element-dda88c1 elementor-widget elementor-widget-text-editor\" data-id=\"dda88c1\" data-element_type=\"widget\" data-e-type=\"widget\" data-widget_type=\"text-editor.default\">\n\t\t\t\t<div class=\"elementor-widget-container\">\n\t\t\t\t\t\t\t\t\t<h4><strong>2) Bestellungen<\/strong><\/h4>\n<ol type=\"a\">\n \t<li>Der Lieferant kann ohne vorherige Zustimmung der Eurotech Schw\u00e4bisch Gm\u00fcnd GmbH Rechte oder Anspr\u00fcche aus diesem Vertrag nicht an Dritte abtreten.<\/li>\n \t<li>Der Lieferant kann nur im Fall unserer vorherigen Zustimmung die Bestellung oder wesentliche Teile der Bestellung durch Dritte erf\u00fcllen.<\/li><li>Die Einreichung von Angeboten erfolgt kostenlos und unverbindlich f\u00fcr die Eurotech Schw\u00e4bisch Gm\u00fcnd GmbH.<\/li>\n<\/ol>\t\t\t\t\t\t\t\t<\/div>\n\t\t\t\t<\/div>\n\t\t\t\t<div class=\"elementor-element elementor-element-b243c21 elementor-widget elementor-widget-text-editor\" data-id=\"b243c21\" data-element_type=\"widget\" data-e-type=\"widget\" data-widget_type=\"text-editor.default\">\n\t\t\t\t<div class=\"elementor-widget-container\">\n\t\t\t\t\t\t\t\t\t<h4>3) Lieferungen<\/h4>\n<ol type=\"a\">\n \t<li>Die in der Bestellung genannten Liefertermine sind verbindlich. Alle Lieferungen haben \u201egeliefert verzollt\u201c (DDP) Werk Schw\u00e4bisch Gm\u00fcnd gem\u00e4\u00df Incoterms 2010 zu erfolgen. Die Lieferanschriften lauten: Postanschrift: Eurotech Schw\u00e4bisch Gm\u00fcnd GmbH, Lorcher Stra\u00dfe 115, 73525 Schw\u00e4bisch Gm\u00fcnd. F\u00fcr LKW-Lieferungen: Materialanlieferungen durch LKW montags bis freitags in der Zeit von 6 \u2013 16 Uhr, Lorcher Stra\u00dfe 115.<\/li>\n \t<li>F\u00fcr jede Lieferung ist uns am Abgangstag mit gesonderter Post eine Lieferanzeige in zweifacher Ausfertigung zu \u00fcbermitteln. In den Versandanzeigen, Frachtbriefen und Paketaufschriften sind die Bestellnummer, Anforderungsnummer, die empfangende Abteilung und sonstige, in der Bestellung erbetene Vermerke anzugeben. Die zu liefernden Waren m\u00fcssen ordnungsgem\u00e4\u00df verpackt und in \u00dcbereinstimmung mit unseren Versandvorschriften gekennzeichnet sein.<\/li>\n \t<li>Der Lieferant ist zur vorzeitigen Lieferung nur nach vorheriger schriftlicher Zustimmung der Eurotech Schw\u00e4bisch Gm\u00fcnd GmbH berechtigt. Der Lieferant hat uns unverz\u00fcglich per Telefax oder E-Mail von jeder bekannten oder erwarteten Verz\u00f6gerung der Erf\u00fcllung seiner Lieferverpflichtungen wie folgt Mitteilung zu machen:\n<ol type=\"a\">\n<li>die voraussichtliche Dauer der Verz\u00f6gerung,<\/li>\n<li>den Grund der Verz\u00f6gerung und<\/li>\n<li>welche Ma\u00dfnahmen zur \u00dcberwindung der Verz\u00f6gerung unternommen werden.<\/li>\n<\/ol>\n<li>Erbringt der Verk\u00e4ufer seine Leistung nicht oder nicht innerhalb der vereinbarten Lieferzeit oder kommt er in Verzug, so bestimmen sich unsere Rechte \u2013 insbesondere auf R\u00fccktritt und Schadensersatz \u2013 nach den gesetzlichen Vorschriften. Die Regelungen in Abs. (e) bleiben unber\u00fchrt.<\/li>\n\n<li>Ist der Lieferant in Verzug, k\u00f6nnen wir f\u00fcr jeden Kalendertag des Verzugs eine Vertragsstrafe von 0,2%, insgesamt jedoch h\u00f6chstens 5,0%, vom Netto-Wert des Gesamtauftrags verlangen. Weitergehende Rechte und Anspr\u00fcche, insbesondere auf Schadensersatz, bleiben unber\u00fchrt. Die Vertragsstrafe wird jedoch auf solche Schadensersatzanspr\u00fcche angerechnet. Die Vertragsstrafe kann bis zur Schlusszahlung geltend gemacht werden. Die Verpflichtung zur Zahlung der Vertragsstrafe gilt nicht, wenn und soweit der Lieferant nachweist, dass er die Nichteinhaltung der vereinbarten Liefertermine nicht zu vertreten hat.<\/li>\n<\/ol>\t\t\t\t\t\t\t\t<\/div>\n\t\t\t\t<\/div>\n\t\t\t\t<div class=\"elementor-element elementor-element-a9d003c elementor-widget elementor-widget-text-editor\" data-id=\"a9d003c\" data-element_type=\"widget\" data-e-type=\"widget\" data-widget_type=\"text-editor.default\">\n\t\t\t\t<div class=\"elementor-widget-container\">\n\t\t\t\t\t\t\t\t\t<h4>4) Preise<\/h4><p>Die in der Bestellung vereinbarten Preise sind verbindlich.<\/p>\t\t\t\t\t\t\t\t<\/div>\n\t\t\t\t<\/div>\n\t\t\t\t<div class=\"elementor-element elementor-element-64d6f87 elementor-widget elementor-widget-text-editor\" data-id=\"64d6f87\" data-element_type=\"widget\" data-e-type=\"widget\" data-widget_type=\"text-editor.default\">\n\t\t\t\t<div class=\"elementor-widget-container\">\n\t\t\t\t\t\t\t\t\t<h4><strong>5) Zahlungsbedingungen<\/strong><\/h4>\n<ol type=\"a\">\n \t<li>Der Lieferant ist verpflichtet, f\u00fcr jede Bestellung eine Rechnung in zweifacher Ausfertigung, unter Angabe der Bestellnummer und nach den jeweils g\u00fcltigen gesetzlichen Bestimmungen zu erstellen. Rechnungen, die ohne Bestellnummern und nicht nach den g\u00fcltigen gesetzlichen Bestimmungen erstellt sind, gelten als nicht erteilt.<\/li>\n<li>Rechnungen zahlen wir innerhalb von drei\u00dfig (30) Tagen nach Zugang der Rechnung netto. Skonti k\u00f6nnen gesondert vereinbart werden.<\/li>\n<li>Die Begleichung der Rechnung bedeutet keinen Verzicht auf Gew\u00e4hrleistungsrechte bez\u00fcglich der angelieferten Waren und schlie\u00dft eine sp\u00e4tere diesbez\u00fcgliche M\u00e4ngelr\u00fcge nicht aus.<\/li>\n<li>Aufrechnungs- und Zur\u00fcckbehaltungsrechte sowie die Einrede des nicht erf\u00fcllten Vertrages stehen uns in gesetzlichem Umfang zu. Wir sind insbesondere berechtigt, f\u00e4llige Zahlungen zur\u00fcckzuhalten, solange uns noch Anspr\u00fcche aus unvollst\u00e4ndigen oder mangelhaften Leistungen gegen den Lieferanten zustehen.<\/li>\n<li>Der Lieferant hat ein Aufrechnungs- oder Zur\u00fcckbehaltungsrecht nur wegen rechtskr\u00e4ftig festgestellter oder unbestrittener Gegenforderungen.<\/li>\n<\/ol>\t\t\t\t\t\t\t\t<\/div>\n\t\t\t\t<\/div>\n\t\t\t\t<div class=\"elementor-element elementor-element-8287c87 elementor-widget elementor-widget-text-editor\" data-id=\"8287c87\" data-element_type=\"widget\" data-e-type=\"widget\" data-widget_type=\"text-editor.default\">\n\t\t\t\t<div class=\"elementor-widget-container\">\n\t\t\t\t\t\t\t\t\t<h4>6) Eigentum<\/h4><p>Wir erkennen keinen erweiterten oder verl\u00e4ngerten Eigentumsvorbehalt an. Ein einfacher Eigentumsvorbehalt wird von uns nur insoweit anerkannt, als er uns erlaubt, die gelieferten Waren im Rahmen eines ordentlichen Gesch\u00e4ftsbetriebes zu ver\u00e4u\u00dfern, zu verarbeiten und zu vermischen.<\/p>\t\t\t\t\t\t\t\t<\/div>\n\t\t\t\t<\/div>\n\t\t\t\t<div class=\"elementor-element elementor-element-9c8e14d elementor-widget elementor-widget-text-editor\" data-id=\"9c8e14d\" data-element_type=\"widget\" data-e-type=\"widget\" data-widget_type=\"text-editor.default\">\n\t\t\t\t<div class=\"elementor-widget-container\">\n\t\t\t\t\t\t\t\t\t<h4><strong>7) Gew\u00e4hrleistung<\/strong><\/h4>\n<ol type=\"a\">\n \t<li>Der Lieferant leistet Gew\u00e4hr, dass die gelieferten Waren den vereinbarten Spezifikationen der Bestellung entsprechen, aus dem vereinbarten Material bestehen, frei von Material-, Fertigungs- oder Konstruktionsfehlern nach dem Stand der Technik zum Zeitpunkt der Bestellung sowie Fehlern sind, die die Tauglichkeit f\u00fcr den gew\u00f6hnlichen oder vertraglich vereinbarten Gebrauch aufheben oder mindern oder den Wert der gelieferten Waren aufheben oder mindern und allen gesetzlichen und beh\u00f6rdlichen Genehmigungen entsprechen. Eine verschuldensunabh\u00e4ngige Haftung des Lieferanten ist mit vorstehender Bestimmung nicht verbunden.<\/li>\n<li>Wir behalten uns alle nach dem deutschen Gesetz bestehenden Rechte im Falle der Lieferung einer mangelhaften Ware vor. Der Lieferant hat nach unserer Wahl den Mangel einer gelieferten Ware zu beseitigen oder eine mangelfreie Ware zu liefern.<\/li>\n<li>F\u00fcr die kaufm\u00e4nnischen Untersuchungs- und R\u00fcgepflicht gelten die gesetzlichen Vorschriften (\u00a7\u00a7 377, 381 HGB), mit folgender Ma\u00dfgabe: Unsere Untersuchungspflicht beschr\u00e4nkt sich auf M\u00e4ngel, die bei unserer Wareneingangskontrolle unter \u00e4u\u00dferlicher Begutachtung einschlie\u00dflich der Lieferpapiere sowie\nbei unserer Qualit\u00e4tskontrolle im Stichprobenverfahren offen zu Tage treten (z.B. Transportbesch\u00e4digungen, Falsch- und Minderlieferung). Soweit eine Abnahme vereinbart ist, besteht keine Untersuchungspflicht. Im \u00dcbrigen kommt es darauf an, inwieweit eine Untersuchung unter Ber\u00fccksichtigung der Umst\u00e4nde des Einzelfalls nach ordnungsgem\u00e4\u00dfem Gesch\u00e4ftsgang tunlich ist. Unsere R\u00fcgepflicht f\u00fcr sp\u00e4ter entdeckte M\u00e4ngel bleibt unber\u00fchrt. In allen F\u00e4llen gilt unsere R\u00fcge (M\u00e4ngelanzeige) als unverz\u00fcglich und rechtzeitig, wenn sie innerhalb von 5 Arbeitstagen beim Lieferanten eingeht.<\/li>\n<li>Die zum Zwecke der Pr\u00fcfung und Nachbesserung vom Lieferanten aufgewendeten Kosten (einschlie\u00dflich eventueller Ausbau- und Einbaukosten) tr\u00e4gt dieser auch dann, wenn sich herausstellt, dass tats\u00e4chlich kein Mangel vorlag. Unsere Schadensersatzhaftung bei unberechtigtem M\u00e4ngelbeseitigungsverlangen bleibt unber\u00fchrt; insoweit haften wir jedoch nur, wenn wir erkannt oder grob fahrl\u00e4ssig nicht erkannt haben, dass kein Mangel vorlag.<\/li>\n<li>Die Gew\u00e4hrleistungsfrist betr\u00e4gt 36 Monate ab Ablieferung der Ware \/ nach Abnahme.<\/li>\n<\/ol>\t\t\t\t\t\t\t\t<\/div>\n\t\t\t\t<\/div>\n\t\t\t\t<div class=\"elementor-element elementor-element-e5a916d elementor-widget elementor-widget-text-editor\" data-id=\"e5a916d\" data-element_type=\"widget\" data-e-type=\"widget\" data-widget_type=\"text-editor.default\">\n\t\t\t\t<div class=\"elementor-widget-container\">\n\t\t\t\t\t\t\t\t\t<h4>8) Qualit\u00e4tssicherung<\/h4><p>Der Lieferant erkennt die Qualit\u00e4tssicherungsvorschriften der Eurotech Schw\u00e4bisch Gm\u00fcnd GmbH an.<\/p>\t\t\t\t\t\t\t\t<\/div>\n\t\t\t\t<\/div>\n\t\t\t\t<div class=\"elementor-element elementor-element-04fd913 elementor-widget elementor-widget-text-editor\" data-id=\"04fd913\" data-element_type=\"widget\" data-e-type=\"widget\" data-widget_type=\"text-editor.default\">\n\t\t\t\t<div class=\"elementor-widget-container\">\n\t\t\t\t\t\t\t\t\t<h4><strong>9) Schutzrechte Dritter<\/strong><\/h4>\n<ol type=\"a\">\n \t<li>Der Lieferant leistet Gew\u00e4hr, dass durch die von ihm zu erbringenden Lieferungen und Leistungen sowie die Benutzung der gelieferten Ware durch uns keine gewerblichen Schutzrechte (Patente, Marken, Gebrauchs- und Geschmacksmuster), Lizenz- und Urheberrechte, gesch\u00fctzte Bezeichnungen sowie sonstiges geistiges Eigentum Dritter verletzt werden.<\/li>\n<li>Der Lieferant stellt uns von allen Anspr\u00fcchen und Kosten, einschlie\u00dflich der Kosten der Rechtsverfolgung, die aus einer solchen Verletzung oder behaupteten Verletzung<\/li>\n<li>entstehen, frei und ersetzt uns alle hierdurch entstehenden Sch\u00e4den, es sei denn, den Lieferant trifft kein Verschulden.<\/li>\n<\/ol>\t\t\t\t\t\t\t\t<\/div>\n\t\t\t\t<\/div>\n\t\t\t\t<div class=\"elementor-element elementor-element-ad0d487 elementor-widget elementor-widget-text-editor\" data-id=\"ad0d487\" data-element_type=\"widget\" data-e-type=\"widget\" data-widget_type=\"text-editor.default\">\n\t\t\t\t<div class=\"elementor-widget-container\">\n\t\t\t\t\t\t\t\t\t<h4>10) Beh\u00f6rdliche und gesetzliche Vorschriften<\/h4><p>Zu liefernde Leistungen und Produkte m\u00fcssen den jeweils geltenden beh\u00f6rdlichen und gesetzlichen Vorschriften der Bundesrepublik Deutschland und der Europ\u00e4ischen Union, wie zum Beispiel der REACH-Verordnung, entsprechen.<\/p>\t\t\t\t\t\t\t\t<\/div>\n\t\t\t\t<\/div>\n\t\t\t\t<div class=\"elementor-element elementor-element-f4aef55 elementor-widget elementor-widget-text-editor\" data-id=\"f4aef55\" data-element_type=\"widget\" data-e-type=\"widget\" data-widget_type=\"text-editor.default\">\n\t\t\t\t<div class=\"elementor-widget-container\">\n\t\t\t\t\t\t\t\t\t<h4><strong>11) Erf\u00fcllungsort, Gerichtsstand<\/strong><\/h4>\n<ol type=\"a\">\n \t<li>Erf\u00fcllungsort f\u00fcr alle Leistungen ist Schw\u00e4bisch Gm\u00fcnd.<\/li>\n<li>Dieser Vertrag unterliegt dem Recht der Bundesrepublik Deutschland unter Ausschluss internationalen\nEinheitsrechts, insbesondere des UN-Kaufrechts. Die in diesem Vertrag enthaltenen Handelsklauseln sind nach den Incoterms 2010 (ICC International Rules for the Interpretation of Trade Terms) und ihrer Erg\u00e4nzung in der jeweils g\u00fcltigen Fassung zum Zeitpunkt der Lieferung auszulegen.<\/li>\n<li>Ausschlie\u00dflicher Gerichtsstand f\u00fcr alle Streitigkeiten aus diesem Vertrag oder in Zusammenhang damit ist Renningen. Ungeachtet dieser Gerichtsstandvereinbarung k\u00f6nnen wir den Lieferanten auch vor jedem anderen Gericht verklagen, welches nach anwendbarem Recht zust\u00e4ndig ist.<\/li>\n<\/ol>\n<br>Stand: 01\/2015\t\t\t\t\t\t\t\t<\/div>\n\t\t\t\t<\/div>\n\t\t\t\t\t<\/div>\n\t\t\t\t<\/div>\n\t\t\t\t<\/div>\n\t\t","protected":false},"excerpt":{"rendered":"<p>General Terms and Conditions of Purchase for Eurotech Schw\u00e4bisch Gm\u00fcnd GmbH Download PDF 1) \u00a0Anwendungsbereich Diese Einkaufsbedingungen (nachfolgend die \u201eBedingungen\u201c) gelten ausschlie\u00dflich f\u00fcr unsere Bestellungen bei allen Lieferanten. Entgegenstehende und\/oder erg\u00e4nzende Allgemeine Gesch\u00e4ftsbedingungen des Lieferanten finden uns gegen\u00fcber keine Anwendung. Dies gilt auch dann, wenn wir jenen Bedingungen nicht ausdr\u00fccklich widersprechen oder unseren vertraglichen Verpflichtungen [&hellip;]<\/p>\n","protected":false},"author":1,"featured_media":0,"parent":0,"menu_order":0,"comment_status":"closed","ping_status":"closed","template":"elementor_header_footer","meta":{"inline_featured_image":false,"footnotes":""},"class_list":["post-4678","page","type-page","status-publish","hentry"],"_links":{"self":[{"href":"https:\/\/www.eurotech-sg.de\/en\/wp-json\/wp\/v2\/pages\/4678","targetHints":{"allow":["GET"]}}],"collection":[{"href":"https:\/\/www.eurotech-sg.de\/en\/wp-json\/wp\/v2\/pages"}],"about":[{"href":"https:\/\/www.eurotech-sg.de\/en\/wp-json\/wp\/v2\/types\/page"}],"author":[{"embeddable":true,"href":"https:\/\/www.eurotech-sg.de\/en\/wp-json\/wp\/v2\/users\/1"}],"replies":[{"embeddable":true,"href":"https:\/\/www.eurotech-sg.de\/en\/wp-json\/wp\/v2\/comments?post=4678"}],"version-history":[{"count":5,"href":"https:\/\/www.eurotech-sg.de\/en\/wp-json\/wp\/v2\/pages\/4678\/revisions"}],"predecessor-version":[{"id":4683,"href":"https:\/\/www.eurotech-sg.de\/en\/wp-json\/wp\/v2\/pages\/4678\/revisions\/4683"}],"wp:attachment":[{"href":"https:\/\/www.eurotech-sg.de\/en\/wp-json\/wp\/v2\/media?parent=4678"}],"curies":[{"name":"wp","href":"https:\/\/api.w.org\/{rel}","templated":true}]}}